{"id":21,"date":"2018-05-20T22:34:43","date_gmt":"2018-05-20T20:34:43","guid":{"rendered":"https:\/\/eifel-urlaub.net\/?page_id=21"},"modified":"2018-05-20T22:34:43","modified_gmt":"2018-05-20T20:34:43","slug":"locatie-van-de-woningage","status":"publish","type":"page","link":"https:\/\/eifel-urlaub.net\/nl\/locatie-van-de-woningage\/","title":{"rendered":"Locatie van de woningage"},"content":{"rendered":"<p><span id=\"result_box\" lang=\"nl\"><span class=\"hps\">Het huis is<\/span> <span class=\"hps\">ongeveer 10 kilometer<\/span> <span class=\"hps\">ten zuiden van<\/span> <span class=\"hps\">het kuuroord<\/span> <span class=\"hps\">Bad<\/span>. <span class=\"hps\">In slechts<\/span> <span class=\"hps\">een paar minuten<\/span> <span class=\"hps\">rijden met de auto<\/span> <span class=\"hps\">zo gul<\/span> <span class=\"hps\">winkels voor de dagelijkse<\/span> <span class=\"hps\">behoeften<\/span>, tankstations, <span class=\"hps\">banken, apotheken<\/span>, restaurants en andere <span class=\"hps\">etablissementen<\/span>.<\/span><\/p>\n<p>&nbsp;<\/p>\n<h2><strong>In de omgeving<\/strong><\/h2>\n<h3>Bad M\u00fcnstereifel<\/h3>\n<p><span lang=\"nl\"><span title=\"Bad M\u00fcnstereifel\"><\/p>\n<p><\/span><span title=\"Bad M\u00fcnstereifel zeichnet sich durch eine fast vollkommen erhaltene Stadtmauer aus.\">Bad M\u00fcnstereifel wordt gekenmerkt door een bijna perfect bewaard gebleven stadsmuren. <\/span><span title=\"Im historischen Stadtkern finden Sie vielseitige Modegesch\u00e4fte f\u00fcr das entspannte Urlaubs-Shopping oder Sie plaudern in einem der vielen gem\u00fctlichen Caf\u00e9s.\">In het historische centrum vindt u veelzijdige mode-winkels voor een ontspannen vakantie winkelen of u kunt chatten in een van de vele gezellige cafes. <\/span><span title=\"Der bekannte Schlagerstar Heino betreibt in Bad M\u00fcnstereifel ein eigenes Cafe wo er auch gerne mit seinen G\u00e4sten ein Wort wechselt.\">De beroemde popster Heino is actief in Bad M\u00fcnstereifel eigen cafe waar hij graag met zijn gasten een woord gewisseld.<\/p>\n<p><\/span><\/span><\/p>\n<h3>Eifelbad<\/h3>\n<p><span lang=\"nl\"><span title=\"Eifelbad\"><br \/>\n<\/span><span title=\"Das Eifelbad ist das von der Entfernung am n\u00e4chsten gelegene Freizeit- und Erholungsbad.\">De Eifelbad is de afstand van de dichtstbijzijnde vrije tijd en recreatie zwembad. <\/span><span title=\"Es liegt direkt in Bad M\u00fcnstereifel und ist somit in ca. 10 Minuten zu erreichen.\">Het is gelegen in Bad M\u00fcnstereifel en is dus bereikt in ongeveer 10 minuten. <\/span><span title=\"Neben einer gro\u00dfen Rutsche und fast 700qm Wasserfl\u00e4che mit angenehmen Wassertemperaturen bietet das Eifelbad den perfekten Rahmen f\u00fcr einen Ausflug mit der ganzen mit der ganzen Familie.\">Naast een grote glijbaan en bijna 700 m\u00b2 aan wateroppervlakte met warm water Eifelbad biedt de perfecte setting voor een reis met het geheel met het hele gezin. <\/span><span title=\"Bilder, Preise und weitere Informationen finden Sie auf der Webseite www.eifelbad.com .\">Afbeeldingen, prijzen en andere informatie is te vinden op de website <a href=\"http:\/\/www.eifelbad.com\">www.eifelbad.com<\/a>.<\/p>\n<p><\/span><\/span><\/p>\n<h3>Freilinger See<\/h3>\n<p><span lang=\"nl\"><span title=\"Freilinger See\"><br \/>\n<\/span><span title=\"Auf gro\u00dfen Wiesen k\u00f6nnen Sie Ihr Liegetuch ausbreiten und den Charme dieses Gew\u00e4ssers in vollen Z\u00fcgen genie\u00dfen.\">Op grote weiden, spreidt u uw strandlaken en geniet van de charme van dit water te genieten. <\/span><span title=\"Egal ob Windsurfen, Tauchen, Rudern, Paddelbootfahren, Strandangeln, Sportfischen, Schwimmen, der Freilinger See ist im Sommer immer eine Reise wert.\">Of het nu gaat surfen, duiken, roeien, waterfietsen, vissen vanaf het strand, sportvissen, zwemmen, het meer in de zomer Freilinger altijd een bezoek waard. <\/span><span title=\"Von unserem Ferienhaus ist er etwa in 25 Minuten zu erreichen.\">Vanuit ons huis kan worden bereikt in ongeveer 25 minuten.<\/p>\n<p><\/span><\/span><\/p>\n<h3>N\u00fcrburgring<\/h3>\n<p><span lang=\"nl\"><span title=\"N\u00fcrburgring\"><br \/>\n<\/span><span title=\"Der N\u00fcrburgring ist das Ausflugsziel f\u00fcr Motorsportfans und Familien rund um eine der faszinierendsten Rennstrecken der Welt.\">De N\u00fcrburgring is de bestemming voor de motorsport fans en families over de hele wereld een van de meest fascinerende circuits. <\/span><span title=\"Im Jahr 2010 wurde um den N\u00fcrburgring ein Erlebniscenter er\u00f6ffnet, wo Jung und Alt sicher die richtige Freizeitm\u00f6glichkeit finden.\">In 2010, de N\u00fcrburgring is een ervaring centrum werd geopend, waar jong en oud zijn er zeker van om de juiste dingen te vinden aan het toeval over. <\/span><span title=\"Zudem bietet die legend\u00e4re Nordschleife die Gelegenheit mit dem privaten PKW befahren zu werden.\">Bovendien, om de legendarische Nordschleife van de mogelijkheid met eigen auto rit. <\/span><span title=\"Weitere Informationen finden Sie auf der Internetseite www.nuerburgring.de\">Meer informatie is te vinden op de website <span class=\"st\"><a href=\"http:\/\/www.nuerburgring.de\" target=\"_blank\" rel=\"noopener\">www.nuerburgring.de<\/a><\/span><\/p>\n<p><\/span><\/span><\/p>\n<h3>Radioteleskop Effelsberg<\/h3>\n<p><span lang=\"nl\"><strong><span title=\"Radioteleskop Effelsberg\"><br \/>\n<\/span><\/strong><span title=\"Das Radioteleskop Effelsberg wurde zwischen 1968 und 1971 gebaut und am 1.\">De Effelsberg radiotelescoop is gebouwd 1968\/71 en op 1 <\/span><span title=\"August 1972 vom Max-Planck-Institut f\u00fcr Radioastronomie in Betrieb genommen.\">Augustus 1972 door het Max Planck Instituut voor Radio Astronomie opdracht. <\/span><span title=\"Es war \u00fcber 29 Jahre das gr\u00f6\u00dfte bewegliche Radioteleskop der Welt.\">Het was meer dan 29 jaar, de grootste bestuurbare radiotelescoop in de wereld. <\/span><span title=\"Im Jahr 2000 verlor es diesen Titel.\">In 2000 verloor die titel. <\/span><span title=\"Dennoch ist das mit 3200 Tonnen schwere und 109 Meter hohe Bauwerk ein imposantes Ausflugsziel.\">Toch met 3200 ton, 109-meter hoge gebouw is een indrukwekkende bestemming. <\/span><span title=\"Um das Radiotelekop gibt es verschiedene Wanderwege, die nur darauf warten von Ihnen erkundet zu werden.\">Om daar te Radiotelekop zijn verschillende routes die gewoon wachten om ontdekt te worden door jou.<\/p>\n<p><\/span><\/span><\/p>\n<h3>Eifelblick Michelsberg<\/h3>\n<p><span id=\"result_box\" lang=\"nl\"><span title=\"Eifelblick Michelsberg\"><br \/>\n<\/span><span title=\"Der Michelsberg ist mit seinen 586,1 Meter \u00fcber dem Meeresspiegel die h\u00f6chste Erhebung im Kreis Euskirchen.\">Michel is de berg met zijn 586,1 meter boven de zeespiegel, het hoogste punt in Euskirchen. <\/span><span title=\"Der beeindruckende Rundumblick bietet einen herrlichen Ausblick.\">De prachtig panoramisch uitzicht biedt een prachtig uitzicht. <\/span><span title=\"Bei guter Sicht sind sogar die T\u00fcrme des etwa 50 km entfernten K\u00f6lner Doms zu erkennen.\">Op een heldere dag de torens van ongeveer 50 km van Dom van Keulen te zien is. <\/span><span title=\"Aber auch an gew\u00f6hnlichen Tagen bietet Ihnen der Panoramablick des Michelsberges einen Ausblick auf das Siebengebirge, die Basaltkuppen der Hohen Acht, den Hochth\u00fcrmerberg, den Aremberg sowie die Schneifel und die Rureifel.\">Maar zelfs op gewone dagen en biedt een panoramisch uitzicht op Michel uitzicht op de bergen van de zeven bergen, het basalt formatie van de Hoge Acht, de Hochth\u00fcrmerberg, de Aremberg en Schneifel en Rureifel.<\/p>\n<p><\/span><span title=\"Auch im Winter bei Schnee ist der Michelsberg ein sehr beliebtes Ausflugsziel.\">Zelfs in de winter wanneer de sneeuw Michel Berg is een zeer populaire bestemming. <\/span><span title=\"Die zahlreichen Wiesenh\u00e4nge sind ideal zum Schlittenfahren.\">De talrijke weide pistes zijn perfect voor slee\u00ebn. <\/span><span title=\"Die Wege in der n\u00e4heren Umgebung des Bergs eignen sich sogar f\u00fcr einen Skilanglauf.\">De wegen in de nabijheid van de berg zijn zelfs geschikt om te ski\u00ebn.<\/span><\/span><\/p>\n","protected":false},"excerpt":{"rendered":"<p>Het huis is ongeveer 10 kilometer ten zuiden van het kuuroord Bad. In slechts een paar minuten rijden met de auto zo gul winkels voor de dagelijkse behoeften, tankstations, banken, apotheken, restaurants en andere etablissementen. &nbsp; In de omgeving Bad M\u00fcnstereifel Bad M\u00fcnstereifel wordt gekenmerkt door een bijna perfect bewaard gebleven stadsmuren. In het historische [&hellip;]\n","protected":false},"author":1,"featured_media":0,"parent":0,"menu_order":0,"comment_status":"closed","ping_status":"closed","template":"","meta":[],"yst_prominent_words":[],"_links":{"self":[{"href":"https:\/\/eifel-urlaub.net\/nl\/wp-json\/wp\/v2\/pages\/21"}],"collection":[{"href":"https:\/\/eifel-urlaub.net\/nl\/wp-json\/wp\/v2\/pages"}],"about":[{"href":"https:\/\/eifel-urlaub.net\/nl\/wp-json\/wp\/v2\/types\/page"}],"author":[{"embeddable":true,"href":"https:\/\/eifel-urlaub.net\/nl\/wp-json\/wp\/v2\/users\/1"}],"replies":[{"embeddable":true,"href":"https:\/\/eifel-urlaub.net\/nl\/wp-json\/wp\/v2\/comments?post=21"}],"version-history":[{"count":0,"href":"https:\/\/eifel-urlaub.net\/nl\/wp-json\/wp\/v2\/pages\/21\/revisions"}],"wp:attachment":[{"href":"https:\/\/eifel-urlaub.net\/nl\/wp-json\/wp\/v2\/media?parent=21"}],"wp:term":[{"taxonomy":"yst_prominent_words","embeddable":true,"href":"https:\/\/eifel-urlaub.net\/nl\/wp-json\/wp\/v2\/yst_prominent_words?post=21"}],"curies":[{"name":"wp","href":"https:\/\/api.w.org\/{rel}","templated":true}]}}